{"id":11,"date":"2023-04-19T14:17:01","date_gmt":"2023-04-19T12:17:01","guid":{"rendered":"https:\/\/www.memoiresonore.com\/?page_id=11"},"modified":"2024-04-02T09:35:01","modified_gmt":"2024-04-02T07:35:01","slug":"a-propos-de","status":"publish","type":"page","link":"https:\/\/www.memoiresonore.com\/","title":{"rendered":"Untitled"},"content":{"rendered":"\n<h2 class=\"wp-block-heading\" style=\"font-size:49px;font-style:normal;font-weight:400\"><a href=\"http:\/\/memoiresonore.com\/index.php\/pie\/\" data-type=\"URL\" data-id=\"memoiresonore.com\/index.php\/pie\/\">pi\u00e8ces<\/a><\/h2>\n\n\n\n<h2 class=\"wp-block-heading\" style=\"font-size:49px;font-style:normal;font-weight:400\"><a href=\"http:\/\/memoiresonore.com\/index.php\/le-mistral-gagnant\/\" data-type=\"URL\" data-id=\"memoiresonore.com\/index.php\/le-mistral-gagnant\/\">le mistral gagnant<\/a><\/h2>\n\n\n\n<h2 class=\"wp-block-heading\" style=\"font-size:49px;font-style:normal;font-weight:400\"><a href=\"https:\/\/www.memoiresonore.com\/index.php\/fete\/\" data-type=\"URL\">il \u00e9tait une f\u00eate<\/a><\/h2>\n\n\n\n<h2 class=\"wp-block-heading\" style=\"font-size:49px;font-style:normal;font-weight:400\"><a href=\"http:\/\/memoiresonore.com\/index.php\/constellations\/\" data-type=\"URL\">constellations<\/a><\/h2>\n","protected":false},"excerpt":{"rendered":"<p>pi\u00e8ces le mistral gagnant il \u00e9tait une f\u00eate constellations<\/p>\n","protected":false},"author":1,"featured_media":0,"parent":0,"menu_order":0,"comment_status":"closed","ping_status":"closed","template":"","meta":{"footnotes":""},"class_list":["post-11","page","type-page","status-publish","hentry","entry"],"_links":{"self":[{"href":"https:\/\/www.memoiresonore.com\/index.php\/wp-json\/wp\/v2\/pages\/11","targetHints":{"allow":["GET"]}}],"collection":[{"href":"https:\/\/www.memoiresonore.com\/index.php\/wp-json\/wp\/v2\/pages"}],"about":[{"href":"https:\/\/www.memoiresonore.com\/index.php\/wp-json\/wp\/v2\/types\/page"}],"author":[{"embeddable":true,"href":"https:\/\/www.memoiresonore.com\/index.php\/wp-json\/wp\/v2\/users\/1"}],"replies":[{"embeddable":true,"href":"https:\/\/www.memoiresonore.com\/index.php\/wp-json\/wp\/v2\/comments?post=11"}],"version-history":[{"count":14,"href":"https:\/\/www.memoiresonore.com\/index.php\/wp-json\/wp\/v2\/pages\/11\/revisions"}],"predecessor-version":[{"id":395,"href":"https:\/\/www.memoiresonore.com\/index.php\/wp-json\/wp\/v2\/pages\/11\/revisions\/395"}],"wp:attachment":[{"href":"https:\/\/www.memoiresonore.com\/index.php\/wp-json\/wp\/v2\/media?parent=11"}],"curies":[{"name":"wp","href":"https:\/\/api.w.org\/{rel}","templated":true}]}}