{"id":253,"date":"2023-04-27T21:51:52","date_gmt":"2023-04-27T19:51:52","guid":{"rendered":"http:\/\/www.memoiresonore.com\/?page_id=253"},"modified":"2024-04-02T09:33:45","modified_gmt":"2024-04-02T07:33:45","slug":"pieces","status":"publish","type":"page","link":"https:\/\/www.memoiresonore.com\/index.php\/pieces\/","title":{"rendered":"Pi\u00e8ces"},"content":{"rendered":"\n<h2 class=\"wp-block-heading\">\u00e9lectroacoustique<\/h2>\n\n\n<div id=\"audioigniter-281\" class=\"audioigniter-root \" data-player-type=\"full\" data-tracks-url=\"https:\/\/www.memoiresonore.com\/?audioigniter_playlist_id=281\" data-display-track-no=\"false\" data-reverse-track-order=\"true\" data-display-tracklist-covers=\"true\" data-display-active-cover=\"true\" data-display-artist-names=\"false\" data-display-buy-buttons=\"false\" data-buy-buttons-target=\"false\" data-cycle-tracks=\"false\" data-display-credits=\"false\" data-display-tracklist=\"true\" data-allow-tracklist-toggle=\"true\" data-allow-tracklist-loop=\"true\" data-limit-tracklist-height=\"true\" data-volume=\"100\" data-tracklist-height=\"250\" ><\/div>\n\n\n\n<h2 class=\"wp-block-heading\">Pi\u00e8ces radiophoniques<\/h2>\n\n\n<div id=\"audioigniter-259\" class=\"audioigniter-root \" data-player-type=\"full\" data-tracks-url=\"https:\/\/www.memoiresonore.com\/?audioigniter_playlist_id=259\" data-display-track-no=\"false\" data-reverse-track-order=\"false\" data-display-tracklist-covers=\"true\" data-display-active-cover=\"true\" data-display-artist-names=\"false\" data-display-buy-buttons=\"false\" data-buy-buttons-target=\"false\" data-cycle-tracks=\"false\" data-display-credits=\"false\" data-display-tracklist=\"true\" data-allow-tracklist-toggle=\"true\" data-allow-tracklist-loop=\"true\" data-limit-tracklist-height=\"false\" data-volume=\"100\" data-tracklist-height=\"185\" ><\/div>\n\n\n\n<h2 class=\"wp-block-heading\">Cr\u00e9ations sonores documentaires<\/h2>\n\n\n\n<div class=\"wp-block-columns is-layout-flex wp-container-core-columns-is-layout-9d6595d7 wp-block-columns-is-layout-flex\">\n<div class=\"wp-block-column is-layout-flow wp-block-column-is-layout-flow\"><div id=\"audioigniter-390\" class=\"audioigniter-root \" data-player-type=\"full\" data-tracks-url=\"https:\/\/www.memoiresonore.com\/?audioigniter_playlist_id=390\" data-display-track-no=\"true\" data-reverse-track-order=\"false\" data-display-tracklist-covers=\"true\" data-display-active-cover=\"true\" data-display-artist-names=\"true\" data-display-buy-buttons=\"true\" data-buy-buttons-target=\"true\" data-cycle-tracks=\"false\" data-display-credits=\"false\" data-display-tracklist=\"true\" data-allow-tracklist-toggle=\"true\" data-allow-tracklist-loop=\"true\" data-limit-tracklist-height=\"true\" data-volume=\"100\" data-tracklist-height=\"185\" ><\/div>\n<\/div>\n<\/div>\n\n\n\n<div class=\"wp-block-columns is-layout-flex wp-container-core-columns-is-layout-9d6595d7 wp-block-columns-is-layout-flex\"><\/div>\n","protected":false},"excerpt":{"rendered":"<p>\u00e9lectroacoustique Pi\u00e8ces radiophoniques Cr\u00e9ations sonores documentaires<\/p>\n","protected":false},"author":1,"featured_media":0,"parent":0,"menu_order":0,"comment_status":"closed","ping_status":"closed","template":"","meta":{"footnotes":""},"class_list":["post-253","page","type-page","status-publish","hentry","entry"],"_links":{"self":[{"href":"https:\/\/www.memoiresonore.com\/index.php\/wp-json\/wp\/v2\/pages\/253","targetHints":{"allow":["GET"]}}],"collection":[{"href":"https:\/\/www.memoiresonore.com\/index.php\/wp-json\/wp\/v2\/pages"}],"about":[{"href":"https:\/\/www.memoiresonore.com\/index.php\/wp-json\/wp\/v2\/types\/page"}],"author":[{"embeddable":true,"href":"https:\/\/www.memoiresonore.com\/index.php\/wp-json\/wp\/v2\/users\/1"}],"replies":[{"embeddable":true,"href":"https:\/\/www.memoiresonore.com\/index.php\/wp-json\/wp\/v2\/comments?post=253"}],"version-history":[{"count":15,"href":"https:\/\/www.memoiresonore.com\/index.php\/wp-json\/wp\/v2\/pages\/253\/revisions"}],"predecessor-version":[{"id":393,"href":"https:\/\/www.memoiresonore.com\/index.php\/wp-json\/wp\/v2\/pages\/253\/revisions\/393"}],"wp:attachment":[{"href":"https:\/\/www.memoiresonore.com\/index.php\/wp-json\/wp\/v2\/media?parent=253"}],"curies":[{"name":"wp","href":"https:\/\/api.w.org\/{rel}","templated":true}]}}