{"id":320,"date":"2023-05-01T19:13:22","date_gmt":"2023-05-01T17:13:22","guid":{"rendered":"https:\/\/www.memoiresonore.com\/?page_id=320"},"modified":"2023-05-11T08:08:19","modified_gmt":"2023-05-11T06:08:19","slug":"a-propos","status":"publish","type":"page","link":"https:\/\/www.memoiresonore.com\/index.php\/a-propos\/","title":{"rendered":"\u00e0 propos"},"content":{"rendered":"\n<figure class=\"wp-block-pullquote has-extra-small-font-size\" style=\"font-style:normal;font-weight:600\"><blockquote><p><em>La m\u00e9moire est un des concepts fondamentaux de notre culture, et les m\u00e9moires nouvelles bouleverseront ce concept (et, par l\u00e0, la base m\u00eame de notre culture), car elles proportionnent une distance critique par rapport au processus m\u00e9moratif<\/em><\/p><cite><br>Wil\u00e8m Flusser<\/cite><\/blockquote><\/figure>\n","protected":false},"excerpt":{"rendered":"<p>La m\u00e9moire est un des concepts fondamentaux de notre culture, et les m\u00e9moires nouvelles bouleverseront ce concept (et, par l\u00e0, la base m\u00eame de notre culture), car elles proportionnent une distance critique par rapport au processus m\u00e9moratif Wil\u00e8m Flusser<\/p>\n","protected":false},"author":1,"featured_media":0,"parent":0,"menu_order":0,"comment_status":"closed","ping_status":"closed","template":"","meta":{"footnotes":""},"class_list":["post-320","page","type-page","status-publish","hentry","entry"],"_links":{"self":[{"href":"https:\/\/www.memoiresonore.com\/index.php\/wp-json\/wp\/v2\/pages\/320","targetHints":{"allow":["GET"]}}],"collection":[{"href":"https:\/\/www.memoiresonore.com\/index.php\/wp-json\/wp\/v2\/pages"}],"about":[{"href":"https:\/\/www.memoiresonore.com\/index.php\/wp-json\/wp\/v2\/types\/page"}],"author":[{"embeddable":true,"href":"https:\/\/www.memoiresonore.com\/index.php\/wp-json\/wp\/v2\/users\/1"}],"replies":[{"embeddable":true,"href":"https:\/\/www.memoiresonore.com\/index.php\/wp-json\/wp\/v2\/comments?post=320"}],"version-history":[{"count":2,"href":"https:\/\/www.memoiresonore.com\/index.php\/wp-json\/wp\/v2\/pages\/320\/revisions"}],"predecessor-version":[{"id":324,"href":"https:\/\/www.memoiresonore.com\/index.php\/wp-json\/wp\/v2\/pages\/320\/revisions\/324"}],"wp:attachment":[{"href":"https:\/\/www.memoiresonore.com\/index.php\/wp-json\/wp\/v2\/media?parent=320"}],"curies":[{"name":"wp","href":"https:\/\/api.w.org\/{rel}","templated":true}]}}