{"id":43,"date":"2023-04-19T14:34:16","date_gmt":"2023-04-19T12:34:16","guid":{"rendered":"https:\/\/www.memoiresonore.com\/?page_id=43"},"modified":"2023-05-01T19:11:14","modified_gmt":"2023-05-01T17:11:14","slug":"constellations","status":"publish","type":"page","link":"https:\/\/www.memoiresonore.com\/index.php\/constellations\/","title":{"rendered":"constellations"},"content":{"rendered":"<div id=\"audioigniter-293\" class=\"audioigniter-root \" data-player-type=\"full\" data-tracks-url=\"https:\/\/www.memoiresonore.com\/?audioigniter_playlist_id=293\" data-display-track-no=\"false\" data-reverse-track-order=\"false\" data-display-tracklist-covers=\"false\" data-display-active-cover=\"true\" data-display-artist-names=\"true\" data-display-buy-buttons=\"false\" data-buy-buttons-target=\"false\" data-cycle-tracks=\"false\" data-display-credits=\"false\" data-display-tracklist=\"true\" data-allow-tracklist-toggle=\"false\" data-allow-tracklist-loop=\"true\" data-limit-tracklist-height=\"false\" data-volume=\"100\" data-tracklist-height=\"185\" ><\/div>\n\n\n\n<p class=\"has-extra-small-font-size\" style=\"font-style:normal;font-weight:600\">Plateaux radio \u00ab sauvages \u00bb &#8211; Depuis 2018<\/p>\n\n\n\n<p class=\"has-extra-small-font-size\" style=\"font-style:italic;font-weight:400\">Festival Constellations organis\u00e9 par le Cie Kubilai Khan investigations<\/p>\n\n\n\n<p style=\"font-size:14px\">R\u00e9alisations de formats courts entre \u00e9mission radio et cr\u00e9ation sonore diffus\u00e9s le jour m\u00eame \u00e0 la radio pendant le festival<\/p>\n\n\n\n<p style=\"font-size:14px\">S\u2019agissant d\u2019un festival pluridisciplinaire, investissant diff\u00e9rents espaces, accueillant beaucoup d\u2019artistes et de nombreux ateliers participatifs &#8211; on pourra \u00e9couter des paroles d\u2019artistes, des objets sonores, des fieldrecordings\u2026 Chaque fragment constitue une partie de l\u2019identit\u00e9 du festival. Le corpus accumul\u00e9 depuis maintenant 4 \u00e9ditions constitue une m\u00e9moire sonore du festival.<\/p>\n","protected":false},"excerpt":{"rendered":"<p>Plateaux radio \u00ab sauvages \u00bb &#8211; Depuis 2018 Festival Constellations organis\u00e9 par le Cie Kubilai Khan investigations R\u00e9alisations de formats courts entre \u00e9mission radio et cr\u00e9ation sonore diffus\u00e9s le jour m\u00eame \u00e0 la radio pendant le festival S\u2019agissant d\u2019un festival pluridisciplinaire, investissant diff\u00e9rents espaces, accueillant beaucoup d\u2019artistes et de nombreux ateliers participatifs &#8211; on pourra&hellip; <a class=\"more-link\" href=\"https:\/\/www.memoiresonore.com\/index.php\/constellations\/\">Continue reading <span class=\"screen-reader-text\">constellations<\/span><\/a><\/p>\n","protected":false},"author":1,"featured_media":0,"parent":0,"menu_order":0,"comment_status":"closed","ping_status":"closed","template":"","meta":{"footnotes":""},"class_list":["post-43","page","type-page","status-publish","hentry","entry"],"_links":{"self":[{"href":"https:\/\/www.memoiresonore.com\/index.php\/wp-json\/wp\/v2\/pages\/43","targetHints":{"allow":["GET"]}}],"collection":[{"href":"https:\/\/www.memoiresonore.com\/index.php\/wp-json\/wp\/v2\/pages"}],"about":[{"href":"https:\/\/www.memoiresonore.com\/index.php\/wp-json\/wp\/v2\/types\/page"}],"author":[{"embeddable":true,"href":"https:\/\/www.memoiresonore.com\/index.php\/wp-json\/wp\/v2\/users\/1"}],"replies":[{"embeddable":true,"href":"https:\/\/www.memoiresonore.com\/index.php\/wp-json\/wp\/v2\/comments?post=43"}],"version-history":[{"count":9,"href":"https:\/\/www.memoiresonore.com\/index.php\/wp-json\/wp\/v2\/pages\/43\/revisions"}],"predecessor-version":[{"id":319,"href":"https:\/\/www.memoiresonore.com\/index.php\/wp-json\/wp\/v2\/pages\/43\/revisions\/319"}],"wp:attachment":[{"href":"https:\/\/www.memoiresonore.com\/index.php\/wp-json\/wp\/v2\/media?parent=43"}],"curies":[{"name":"wp","href":"https:\/\/api.w.org\/{rel}","templated":true}]}}