{"id":44,"date":"2023-04-19T14:34:16","date_gmt":"2023-04-19T12:34:16","guid":{"rendered":"https:\/\/www.memoiresonore.com\/?page_id=44"},"modified":"2023-06-08T23:32:47","modified_gmt":"2023-06-08T21:32:47","slug":"fete","status":"publish","type":"page","link":"https:\/\/www.memoiresonore.com\/index.php\/fete\/","title":{"rendered":"il \u00e9tait une f\u00eate"},"content":{"rendered":"\n<div class=\"wp-block-group alignfull has-background\" style=\"background-color:#f8f4e4\"><div class=\"wp-block-group__inner-container is-layout-flow wp-block-group-is-layout-flow\">\n<p style=\"font-size:12px\">Lancez simultan\u00e9ment le chapitre de votre choix dans la playlist de gauche et la bande son dans celle de droite. Bonne \u00e9coute.<\/p>\n\n\n\n<div class=\"wp-block-columns alignwide is-layout-flex wp-container-core-columns-is-layout-9d6595d7 wp-block-columns-is-layout-flex\">\n<div class=\"wp-block-column is-layout-flow wp-block-column-is-layout-flow\" style=\"flex-basis:66.66%\"><div id=\"audioigniter-350\" class=\"audioigniter-root \" data-player-type=\"full\" data-tracks-url=\"https:\/\/www.memoiresonore.com\/?audioigniter_playlist_id=350\" data-display-track-no=\"true\" data-reverse-track-order=\"false\" data-display-tracklist-covers=\"false\" data-display-active-cover=\"false\" data-display-artist-names=\"false\" data-display-buy-buttons=\"false\" data-buy-buttons-target=\"false\" data-cycle-tracks=\"true\" data-display-credits=\"false\" data-display-tracklist=\"true\" data-allow-tracklist-toggle=\"true\" data-allow-tracklist-loop=\"false\" data-limit-tracklist-height=\"false\" data-volume=\"100\" data-tracklist-height=\"185\" ><\/div>\n<\/div>\n\n\n\n<div class=\"wp-block-column is-layout-flow wp-block-column-is-layout-flow\" style=\"flex-basis:33.33%\"><div id=\"audioigniter-362\" class=\"audioigniter-root \" data-player-type=\"full\" data-tracks-url=\"https:\/\/www.memoiresonore.com\/?audioigniter_playlist_id=362\" data-display-track-no=\"true\" data-reverse-track-order=\"false\" data-display-tracklist-covers=\"false\" data-display-active-cover=\"false\" data-display-artist-names=\"false\" data-display-buy-buttons=\"false\" data-buy-buttons-target=\"false\" data-cycle-tracks=\"true\" data-display-credits=\"false\" data-display-tracklist=\"true\" data-allow-tracklist-toggle=\"false\" data-allow-tracklist-loop=\"false\" data-limit-tracklist-height=\"false\" data-volume=\"100\" data-tracklist-height=\"185\" ><\/div>\n<\/div>\n<\/div>\n\n\n\n<div class=\"wp-block-columns alignwide is-layout-flex wp-container-core-columns-is-layout-9d6595d7 wp-block-columns-is-layout-flex\">\n<div class=\"wp-block-column is-layout-flow wp-block-column-is-layout-flow\" style=\"flex-basis:33.38%\">\n<p style=\"font-size:12px\"><em>En collaboration avec la Compagnie D\u2019\u00c2mes \u00e0 Palabres\u00a0<\/em><\/p>\n\n\n\n<p style=\"font-size:12px\"><strong>Ateliers th\u00e9\u00e2tre, \u00e9criture, entretien<\/strong> : \u00e9criture d\u2019une autofiction nourrie par les entretiens et les textes \u00e9crits par les participants et les artistes : la fausse vraie histoire ou la vraie fausse histoire d\u2019une ville, d\u2019un quartier, de ses habitants. Nous avons choisi les contes comme point de d\u00e9part pour ces ateliers ; parce qu\u2019il est souvent question d\u2019une histoire familiale avec ses tensions, ses manques, ses conflits ; parce qu\u2019on y retrouve l\u2019imaginaire collectif, ses repr\u00e9sentations, ses symboles, ses normes, sa morale ; parce qu\u2019il est souvent question d\u2019un lieu, d\u2019une cit\u00e9\u2026<\/p>\n\n\n\n<p style=\"font-size:12px\"><strong>Performance, lecture cont\u00e9e participative<\/strong> : Repr\u00e9sentation publique, avec diffusion de la mati\u00e8re collect\u00e9e durant les ateliers, jeu th\u00e9\u00e2trale et\/ou lecture des textes \u00e9crits. Le public est invit\u00e9 \u00e0 y prendre part : une histoire, r\u00e9elle ou pas, une improvisation, une lecture\u2026 Tout est permis. Ce qui se passe pendant cette repr\u00e9sentation vient nourrir le corpus initial. Et se principe se r\u00e9p\u00e8te \u00e0 chaque repr\u00e9sentation. Chaque performance est unique d\u2019une part et nourrit l\u2019\u0153uvre d\u2019autre part.\u00a0<\/p>\n\n\n\n<p><\/p>\n<\/div>\n\n\n\n<div class=\"wp-block-column is-layout-flow wp-block-column-is-layout-flow\" style=\"flex-basis:33%\">\n<div style=\"height:100px\" aria-hidden=\"true\" class=\"wp-block-spacer\"><\/div>\n\n\n\n<figure class=\"wp-block-image size-large\"><img loading=\"lazy\" decoding=\"async\" width=\"766\" height=\"1024\" src=\"http:\/\/www.memoiresonore.com\/wp-content\/uploads\/2023\/06\/retcendrillon-766x1024.jpg\" alt=\"\" class=\"wp-image-368\" srcset=\"https:\/\/www.memoiresonore.com\/wp-content\/uploads\/2023\/06\/retcendrillon-766x1024.jpg 766w, https:\/\/www.memoiresonore.com\/wp-content\/uploads\/2023\/06\/retcendrillon-224x300.jpg 224w, https:\/\/www.memoiresonore.com\/wp-content\/uploads\/2023\/06\/retcendrillon-768x1027.jpg 768w, https:\/\/www.memoiresonore.com\/wp-content\/uploads\/2023\/06\/retcendrillon-1149x1536.jpg 1149w, https:\/\/www.memoiresonore.com\/wp-content\/uploads\/2023\/06\/retcendrillon.jpg 1348w\" sizes=\"auto, (max-width: 766px) 100vw, 766px\" \/><\/figure>\n<\/div>\n\n\n\n<div class=\"wp-block-column is-layout-flow wp-block-column-is-layout-flow\" style=\"flex-basis:33.62%\">\n<figure class=\"wp-block-image size-large\"><img loading=\"lazy\" decoding=\"async\" width=\"766\" height=\"1024\" src=\"http:\/\/www.memoiresonore.com\/wp-content\/uploads\/2023\/06\/retzola-766x1024.jpg\" alt=\"\" class=\"wp-image-370\" srcset=\"https:\/\/www.memoiresonore.com\/wp-content\/uploads\/2023\/06\/retzola-766x1024.jpg 766w, https:\/\/www.memoiresonore.com\/wp-content\/uploads\/2023\/06\/retzola-224x300.jpg 224w, https:\/\/www.memoiresonore.com\/wp-content\/uploads\/2023\/06\/retzola-768x1027.jpg 768w, https:\/\/www.memoiresonore.com\/wp-content\/uploads\/2023\/06\/retzola-1149x1536.jpg 1149w, https:\/\/www.memoiresonore.com\/wp-content\/uploads\/2023\/06\/retzola.jpg 1348w\" sizes=\"auto, (max-width: 766px) 100vw, 766px\" \/><\/figure>\n<\/div>\n<\/div>\n\n\n\n<div class=\"wp-block-columns alignwide is-layout-flex wp-container-core-columns-is-layout-9d6595d7 wp-block-columns-is-layout-flex\">\n<div class=\"wp-block-column is-layout-flow wp-block-column-is-layout-flow\" style=\"flex-basis:67%\"><div class=\"wp-block-image\">\n<figure class=\"alignright size-large\"><img loading=\"lazy\" decoding=\"async\" width=\"1024\" height=\"682\" src=\"http:\/\/www.memoiresonore.com\/wp-content\/uploads\/2023\/06\/retroche-1024x682.png\" alt=\"\" class=\"wp-image-369\" srcset=\"https:\/\/www.memoiresonore.com\/wp-content\/uploads\/2023\/06\/retroche-1024x682.png 1024w, https:\/\/www.memoiresonore.com\/wp-content\/uploads\/2023\/06\/retroche-300x200.png 300w, https:\/\/www.memoiresonore.com\/wp-content\/uploads\/2023\/06\/retroche-768x511.png 768w, https:\/\/www.memoiresonore.com\/wp-content\/uploads\/2023\/06\/retroche.png 1208w\" sizes=\"auto, (max-width: 1024px) 100vw, 1024px\" \/><\/figure>\n<\/div><\/div>\n\n\n\n<div class=\"wp-block-column is-vertically-aligned-center is-layout-flow wp-block-column-is-layout-flow\" style=\"flex-basis:33%\">\n<p style=\"font-size:12px\"><strong>Conte audio alternatif<\/strong> : toute notre mati\u00e8re est assembl\u00e9e \u00e0 la fa\u00e7on de la comptine <em>Trois petits chats<\/em>. Il \u00e9merge un conte oscillant entre fiction et r\u00e9alit\u00e9 que l\u2019on vient enrichir et r\u00e9-articuler \u00e0 chaque repr\u00e9sentation.<\/p>\n\n\n\n<p style=\"font-size:12px\"><strong>Fanzine et exposition (projet en cours)<\/strong>: nous avons document\u00e9 toutes les \u00e9tapes de la cr\u00e9ation, des ateliers aux repr\u00e9sentations en vue d\u2019\u00e9diter un fanzine et de r\u00e9aliser une exposition autour de ce projet.<\/p>\n<\/div>\n<\/div>\n<\/div><\/div>\n","protected":false},"excerpt":{"rendered":"<p>Lancez simultan\u00e9ment le chapitre de votre choix dans la playlist de gauche et la bande son dans celle de droite. Bonne \u00e9coute. En collaboration avec la Compagnie D\u2019\u00c2mes \u00e0 Palabres\u00a0 Ateliers th\u00e9\u00e2tre, \u00e9criture, entretien : \u00e9criture d\u2019une autofiction nourrie par les entretiens et les textes \u00e9crits par les participants et les artistes : la fausse&hellip; <a class=\"more-link\" href=\"https:\/\/www.memoiresonore.com\/index.php\/fete\/\">Continue reading <span class=\"screen-reader-text\">il \u00e9tait une f\u00eate<\/span><\/a><\/p>\n","protected":false},"author":1,"featured_media":0,"parent":0,"menu_order":0,"comment_status":"closed","ping_status":"closed","template":"","meta":{"footnotes":""},"class_list":["post-44","page","type-page","status-publish","hentry","entry"],"_links":{"self":[{"href":"https:\/\/www.memoiresonore.com\/index.php\/wp-json\/wp\/v2\/pages\/44","targetHints":{"allow":["GET"]}}],"collection":[{"href":"https:\/\/www.memoiresonore.com\/index.php\/wp-json\/wp\/v2\/pages"}],"about":[{"href":"https:\/\/www.memoiresonore.com\/index.php\/wp-json\/wp\/v2\/types\/page"}],"author":[{"embeddable":true,"href":"https:\/\/www.memoiresonore.com\/index.php\/wp-json\/wp\/v2\/users\/1"}],"replies":[{"embeddable":true,"href":"https:\/\/www.memoiresonore.com\/index.php\/wp-json\/wp\/v2\/comments?post=44"}],"version-history":[{"count":8,"href":"https:\/\/www.memoiresonore.com\/index.php\/wp-json\/wp\/v2\/pages\/44\/revisions"}],"predecessor-version":[{"id":373,"href":"https:\/\/www.memoiresonore.com\/index.php\/wp-json\/wp\/v2\/pages\/44\/revisions\/373"}],"wp:attachment":[{"href":"https:\/\/www.memoiresonore.com\/index.php\/wp-json\/wp\/v2\/media?parent=44"}],"curies":[{"name":"wp","href":"https:\/\/api.w.org\/{rel}","templated":true}]}}